{"id":258,"date":"2018-01-22T10:17:40","date_gmt":"2018-01-22T14:17:40","guid":{"rendered":"http:\/\/ayuntamiento.o\/transparencia\/?page_id=258"},"modified":"2025-12-14T02:42:12","modified_gmt":"2025-12-14T06:42:12","slug":"responsable-de-acceso-a-la-informacion","status":"publish","type":"page","link":"https:\/\/jmhp.gob.do\/transparencia\/responsable-de-acceso-a-la-informacion\/","title":{"rendered":"Responsable de Acceso a la Informaci\u00f3n"},"content":{"rendered":"\n<div class=\"wp-container-3 wp-block-columns has-light-green-cyan-background-color has-background\">\n<div class=\"wp-container-1 wp-block-column\" style=\"flex-basis:66.66%\">\n<figure class=\"wp-block-image size-large is-resized\"><img loading=\"lazy\" src=\"http:\/\/jmhp.gob.do\/transparencia\/wp-content\/uploads\/2025\/12\/d-700x905.jpeg\" alt=\"\" class=\"wp-image-489\" width=\"463\" height=\"597\" srcset=\"https:\/\/jmhp.gob.do\/transparencia\/wp-content\/uploads\/2025\/12\/d-250x323.jpeg 250w, https:\/\/jmhp.gob.do\/transparencia\/wp-content\/uploads\/2025\/12\/d-120x155.jpeg 120w\" sizes=\"(max-width: 463px) 100vw, 463px\" \/><figcaption><strong> Daniela Maria Toribio Sandoval<\/strong><\/figcaption><\/figure>\n<\/div>\n\n\n\n<div class=\"wp-container-2 wp-block-column\" style=\"flex-basis:33.33%\">\n<p><strong>Responsable de Acceso a la Informaci\u00f3n Distrital (RAIM)<\/strong><\/p>\n\n\n\n<p>Mes De Noviembre  2025<\/p>\n\n\n\n<p><strong>Srta. Daniela Maria Toribio Sandoval<\/strong><\/p>\n<\/div>\n<\/div>\n\n\n\n<hr class=\"wp-block-separator has-alpha-channel-opacity is-style-wide\" \/>\n\n\n\n<h3>Contacto con la Responsable de la oficina de libre Acceso a la&nbsp; Informaci\u00f3n P\u00fablica<\/h3>\n\n\n\n<p><strong>Tel\u00e9fono<\/strong>: +1 (829) 493-7155 , (809) 572-9581<br><strong>Correo electr\u00f3nico:&nbsp; &nbsp;oai_juntadistritalhp@gmail.com<\/strong> <strong>ayuntamientohp@hotmail.com<\/strong><br><strong>Direcci\u00f3n:<\/strong>&nbsp;Calle 4 De Septiembre (Frente Moto plaza Fondeur), Hatillo Palma, Montecristi. RD.<\/p>\n\n\n\n<hr class=\"wp-block-separator has-alpha-channel-opacity is-style-wide\" \/>\n\n\n\n<p><\/p>\n\n\n\n<p><\/p>\n\n\n\n<figure class=\"wp-container-5 wp-block-gallery-4 wp-block-gallery has-nested-images columns-default is-cropped\">\n<figure class=\"wp-block-image\"><img loading=\"lazy\" width=\"960\" height=\"1280\" data-id=\"490\"  src=\"http:\/\/jmhp.gob.do\/transparencia\/wp-content\/uploads\/2025\/12\/WhatsApp-Image-2025-11-26-at-11.32.50-AM.jpeg\" alt=\"\" class=\"wp-image-490\" srcset=\"https:\/\/jmhp.gob.do\/transparencia\/wp-content\/uploads\/2025\/12\/WhatsApp-Image-2025-11-26-at-11.32.50-AM.jpeg 960w, https:\/\/jmhp.gob.do\/transparencia\/wp-content\/uploads\/2025\/12\/WhatsApp-Image-2025-11-26-at-11.32.50-AM-250x333.jpeg 250w, https:\/\/jmhp.gob.do\/transparencia\/wp-content\/uploads\/2025\/12\/WhatsApp-Image-2025-11-26-at-11.32.50-AM-700x933.jpeg 700w, https:\/\/jmhp.gob.do\/transparencia\/wp-content\/uploads\/2025\/12\/WhatsApp-Image-2025-11-26-at-11.32.50-AM-768x1024.jpeg 768w, https:\/\/jmhp.gob.do\/transparencia\/wp-content\/uploads\/2025\/12\/WhatsApp-Image-2025-11-26-at-11.32.50-AM-120x160.jpeg 120w\" sizes=\"(max-width: 960px) 100vw, 960px\" \/><\/figure>\n\n\n\n<figure class=\"wp-block-image\"><img loading=\"lazy\" width=\"856\" height=\"1107\" data-id=\"489\"  src=\"http:\/\/jmhp.gob.do\/transparencia\/wp-content\/uploads\/2025\/12\/d.jpeg\" alt=\"\" class=\"wp-image-489\" srcset=\"https:\/\/jmhp.gob.do\/transparencia\/wp-content\/uploads\/2025\/12\/d.jpeg 856w, https:\/\/jmhp.gob.do\/transparencia\/wp-content\/uploads\/2025\/12\/d-250x323.jpeg 250w, https:\/\/jmhp.gob.do\/transparencia\/wp-content\/uploads\/2025\/12\/d-700x905.jpeg 700w, https:\/\/jmhp.gob.do\/transparencia\/wp-content\/uploads\/2025\/12\/d-768x993.jpeg 768w, https:\/\/jmhp.gob.do\/transparencia\/wp-content\/uploads\/2025\/12\/d-120x155.jpeg 120w\" sizes=\"(max-width: 856px) 100vw, 856px\" \/><\/figure>\n<\/figure>\n\n\n\n<hr class=\"wp-block-separator aligncenter has-alpha-channel-opacity is-style-wide\" \/>\n\n\n\n<div class=\"wp-container-9 wp-block-columns\">\n<div class=\"wp-container-6 wp-block-column\">\n<p><strong>Formulario de Solicitud de Acceso a la Informaci\u00f3n Publica<\/strong><\/p>\n<\/div>\n\n\n\n<div class=\"wp-container-8 wp-block-column\">\n<div class=\"wp-container-7 is-content-justification-right wp-block-buttons\">\n<div class=\"wp-block-button\"><a class=\"wp-block-button__link\" href=\"https:\/\/jmhp.gob.do\/transparencia\/formulario-de-solicitud-de-informacion\/\" target=\"_blank\" rel=\"noreferrer noopener\">Ir al Formulario<\/a><\/div>\n<\/div>\n<\/div>\n<\/div>\n","protected":false},"excerpt":{"rendered":"Responsable de Acceso a la Informaci\u00f3n Distrital (RAIM) Mes De Noviembre 2025 Srta. Daniela Maria Toribio Sandoval Contacto con la Responsable de la oficina de libre Acceso a la&nbsp; Informaci\u00f3n P\u00fablica Tel\u00e9fono: +1 (829) 493-7155 , (809) 572-9581Correo electr\u00f3nico:&nbsp; &nbsp;oai_juntadistritalhp@gmail.com ayuntamientohp@hotmail.comDirecci\u00f3n:&nbsp;Calle 4 De Septiembre (Frente Moto plaza Fondeur), Hatillo Palma, Montecristi. RD. Formulario de Solicitud&#8230;","protected":false},"author":4,"featured_media":0,"parent":0,"menu_order":0,"comment_status":"closed","ping_status":"closed","template":"","meta":[],"_links":{"self":[{"href":"https:\/\/jmhp.gob.do\/transparencia\/wp-json\/wp\/v2\/pages\/258"}],"collection":[{"href":"https:\/\/jmhp.gob.do\/transparencia\/wp-json\/wp\/v2\/pages"}],"about":[{"href":"https:\/\/jmhp.gob.do\/transparencia\/wp-json\/wp\/v2\/types\/page"}],"author":[{"embeddable":true,"href":"https:\/\/jmhp.gob.do\/transparencia\/wp-json\/wp\/v2\/users\/4"}],"replies":[{"embeddable":true,"href":"https:\/\/jmhp.gob.do\/transparencia\/wp-json\/wp\/v2\/comments?post=258"}],"version-history":[{"count":5,"href":"https:\/\/jmhp.gob.do\/transparencia\/wp-json\/wp\/v2\/pages\/258\/revisions"}],"predecessor-version":[{"id":496,"href":"https:\/\/jmhp.gob.do\/transparencia\/wp-json\/wp\/v2\/pages\/258\/revisions\/496"}],"wp:attachment":[{"href":"https:\/\/jmhp.gob.do\/transparencia\/wp-json\/wp\/v2\/media?parent=258"}],"curies":[{"name":"wp","href":"https:\/\/api.w.org\/{rel}","templated":true}]}}